{"id":3631,"date":"2021-01-21T11:25:29","date_gmt":"2021-01-21T10:25:29","guid":{"rendered":"https:\/\/kunnskapsfilm.no\/filmer-for-barneskole\/"},"modified":"2024-06-04T15:19:24","modified_gmt":"2024-06-04T13:19:24","slug":"filmer-for-barneskole","status":"publish","type":"page","link":"https:\/\/kunnskapsfilm.no\/nn-no\/filmer-for-barneskole\/","title":{"rendered":"Filmer for barneskole"},"content":{"rendered":"<section class=\"archive archive-list-container clr\"><div class=\"archive-list-container-inner\"><article class=\"archive-item project\"><a href=\"https:\/\/kunnskapsfilm.no\/nn-no\/prosjekter\/eg-grudde-meg-veldig\/\" class=\"archive-item-link\" rel=\"bookmark\"><div class=\"archive-thumbnail-wrapper\"><img loading=\"lazy\" decoding=\"async\" width=\"640\" height=\"360\" src=\"https:\/\/kunnskapsfilm.no\/wp-content\/uploads\/2025\/10\/Framside_Tegneserie_Skakke-1-640x360.jpg\" class=\"attachment-thumbnail size-thumbnail wp-post-image\" alt=\"\" srcset=\"https:\/\/kunnskapsfilm.no\/wp-content\/uploads\/2025\/10\/Framside_Tegneserie_Skakke-1-640x360.jpg 640w, https:\/\/kunnskapsfilm.no\/wp-content\/uploads\/2025\/10\/Framside_Tegneserie_Skakke-1-300x169.jpg 300w, https:\/\/kunnskapsfilm.no\/wp-content\/uploads\/2025\/10\/Framside_Tegneserie_Skakke-1-1024x576.jpg 1024w, https:\/\/kunnskapsfilm.no\/wp-content\/uploads\/2025\/10\/Framside_Tegneserie_Skakke-1-768x432.jpg 768w, https:\/\/kunnskapsfilm.no\/wp-content\/uploads\/2025\/10\/Framside_Tegneserie_Skakke-1-1536x864.jpg 1536w, https:\/\/kunnskapsfilm.no\/wp-content\/uploads\/2025\/10\/Framside_Tegneserie_Skakke-1-720x405.jpg 720w, https:\/\/kunnskapsfilm.no\/wp-content\/uploads\/2025\/10\/Framside_Tegneserie_Skakke-1-1440x810.jpg 1440w, https:\/\/kunnskapsfilm.no\/wp-content\/uploads\/2025\/10\/Framside_Tegneserie_Skakke-1.jpg 1920w\" sizes=\"auto, (max-width: 640px) 100vw, 640px\" \/><\/div><div class=\"archive-item-txt\"><h2 class=\"archive-item-title balance-text\">\u00abEg grudde meg veldig\u00bb<\/h2><div class=\"item-excerpt\">Fem ekte historier om kj\u00f8nn, identitet og det \u00e5 bli trygg p\u00e5 seg selv.<\/div><\/div><\/a><\/article><article class=\"archive-item project\"><a href=\"https:\/\/kunnskapsfilm.no\/nn-no\/prosjekter\/algoritmane-si-makt-i-sosiale-medium\/\" class=\"archive-item-link\" rel=\"bookmark\"><div class=\"archive-thumbnail-wrapper\"><img loading=\"lazy\" decoding=\"async\" width=\"640\" height=\"360\" src=\"https:\/\/kunnskapsfilm.no\/wp-content\/uploads\/2024\/10\/62406_HemmeligheterTilSalgs_v07.00_04_51_22.Still003-640x360.png\" class=\"attachment-thumbnail size-thumbnail wp-post-image\" alt=\"\" srcset=\"https:\/\/kunnskapsfilm.no\/wp-content\/uploads\/2024\/10\/62406_HemmeligheterTilSalgs_v07.00_04_51_22.Still003-640x360.png 640w, https:\/\/kunnskapsfilm.no\/wp-content\/uploads\/2024\/10\/62406_HemmeligheterTilSalgs_v07.00_04_51_22.Still003-300x169.png 300w, https:\/\/kunnskapsfilm.no\/wp-content\/uploads\/2024\/10\/62406_HemmeligheterTilSalgs_v07.00_04_51_22.Still003-1024x576.png 1024w, https:\/\/kunnskapsfilm.no\/wp-content\/uploads\/2024\/10\/62406_HemmeligheterTilSalgs_v07.00_04_51_22.Still003-768x432.png 768w, https:\/\/kunnskapsfilm.no\/wp-content\/uploads\/2024\/10\/62406_HemmeligheterTilSalgs_v07.00_04_51_22.Still003-1536x864.png 1536w, https:\/\/kunnskapsfilm.no\/wp-content\/uploads\/2024\/10\/62406_HemmeligheterTilSalgs_v07.00_04_51_22.Still003-720x405.png 720w, https:\/\/kunnskapsfilm.no\/wp-content\/uploads\/2024\/10\/62406_HemmeligheterTilSalgs_v07.00_04_51_22.Still003-1440x810.png 1440w, https:\/\/kunnskapsfilm.no\/wp-content\/uploads\/2024\/10\/62406_HemmeligheterTilSalgs_v07.00_04_51_22.Still003.png 1920w\" sizes=\"auto, (max-width: 640px) 100vw, 640px\" \/><\/div><div class=\"archive-item-txt\"><h2 class=\"archive-item-title balance-text\">Algoritmane si makt i sosiale medium<\/h2><div class=\"item-excerpt\">Ein filmserie om makta algoritmar og sosiale medium har i kvardagen v\u00e5r.<\/div><\/div><\/a><\/article><article class=\"archive-item project\"><a href=\"https:\/\/kunnskapsfilm.no\/nn-no\/prosjekter\/livsmeistring-7-10-klasse\/\" class=\"archive-item-link\" rel=\"bookmark\"><div class=\"archive-thumbnail-wrapper\"><img loading=\"lazy\" decoding=\"async\" width=\"640\" height=\"360\" src=\"https:\/\/kunnskapsfilm.no\/wp-content\/uploads\/2022\/04\/Del-2_kedy_v4_st_txt_grade.00_02_15_18.Still001-1-640x360.jpg\" class=\"attachment-thumbnail size-thumbnail wp-post-image\" alt=\"\" srcset=\"https:\/\/kunnskapsfilm.no\/wp-content\/uploads\/2022\/04\/Del-2_kedy_v4_st_txt_grade.00_02_15_18.Still001-1-640x360.jpg 640w, https:\/\/kunnskapsfilm.no\/wp-content\/uploads\/2022\/04\/Del-2_kedy_v4_st_txt_grade.00_02_15_18.Still001-1-300x169.jpg 300w, https:\/\/kunnskapsfilm.no\/wp-content\/uploads\/2022\/04\/Del-2_kedy_v4_st_txt_grade.00_02_15_18.Still001-1-1024x576.jpg 1024w, https:\/\/kunnskapsfilm.no\/wp-content\/uploads\/2022\/04\/Del-2_kedy_v4_st_txt_grade.00_02_15_18.Still001-1-768x432.jpg 768w, https:\/\/kunnskapsfilm.no\/wp-content\/uploads\/2022\/04\/Del-2_kedy_v4_st_txt_grade.00_02_15_18.Still001-1-1536x864.jpg 1536w, https:\/\/kunnskapsfilm.no\/wp-content\/uploads\/2022\/04\/Del-2_kedy_v4_st_txt_grade.00_02_15_18.Still001-1.jpg 1920w\" sizes=\"auto, (max-width: 640px) 100vw, 640px\" \/><\/div><div class=\"archive-item-txt\"><h2 class=\"archive-item-title balance-text\">Livsmeistring 7. &#8211; 10. klasse<\/h2><div class=\"item-excerpt\">Film og undervisningsmateriell om utanforskap og kommunikasjon.<\/div><\/div><\/a><\/article><article class=\"archive-item project\"><a href=\"https:\/\/kunnskapsfilm.no\/nn-no\/prosjekter\/livsmestring-4-7-klasse\/\" class=\"archive-item-link\" rel=\"bookmark\"><div class=\"archive-thumbnail-wrapper\"><img loading=\"lazy\" decoding=\"async\" width=\"640\" height=\"360\" src=\"https:\/\/kunnskapsfilm.no\/wp-content\/uploads\/2022\/02\/Skjermbilde-2022-02-18-kl.-19.30.16-640x360.png\" class=\"attachment-thumbnail size-thumbnail wp-post-image\" alt=\"\" srcset=\"https:\/\/kunnskapsfilm.no\/wp-content\/uploads\/2022\/02\/Skjermbilde-2022-02-18-kl.-19.30.16-640x360.png 640w, https:\/\/kunnskapsfilm.no\/wp-content\/uploads\/2022\/02\/Skjermbilde-2022-02-18-kl.-19.30.16-300x170.png 300w\" sizes=\"auto, (max-width: 640px) 100vw, 640px\" \/><\/div><div class=\"archive-item-txt\"><h2 class=\"archive-item-title balance-text\">Livsmeistring 4. &#8211; 7. klasse<\/h2><div class=\"item-excerpt\">Filmar og undervisningsmateriell om utanforskap og kommunikasjon.<\/div><\/div><\/a><\/article><article class=\"archive-item project\"><a href=\"https:\/\/kunnskapsfilm.no\/nn-no\/prosjekter\/landegrenser\/\" class=\"archive-item-link\" rel=\"bookmark\"><div class=\"archive-thumbnail-wrapper\"><img loading=\"lazy\" decoding=\"async\" width=\"640\" height=\"360\" src=\"https:\/\/kunnskapsfilm.no\/wp-content\/uploads\/2021\/04\/paa_hoyden_2kranser-640x360.jpg\" class=\"attachment-thumbnail size-thumbnail wp-post-image\" alt=\"\" srcset=\"https:\/\/kunnskapsfilm.no\/wp-content\/uploads\/2021\/04\/paa_hoyden_2kranser-640x360.jpg 640w, https:\/\/kunnskapsfilm.no\/wp-content\/uploads\/2021\/04\/paa_hoyden_2kranser-300x169.jpg 300w, https:\/\/kunnskapsfilm.no\/wp-content\/uploads\/2021\/04\/paa_hoyden_2kranser-1024x576.jpg 1024w, https:\/\/kunnskapsfilm.no\/wp-content\/uploads\/2021\/04\/paa_hoyden_2kranser-768x432.jpg 768w, https:\/\/kunnskapsfilm.no\/wp-content\/uploads\/2021\/04\/paa_hoyden_2kranser-1536x864.jpg 1536w, https:\/\/kunnskapsfilm.no\/wp-content\/uploads\/2021\/04\/paa_hoyden_2kranser.jpg 1920w\" sizes=\"auto, (max-width: 640px) 100vw, 640px\" \/><\/div><div class=\"archive-item-txt\"><h2 class=\"archive-item-title balance-text\">Landegrenser<\/h2><div class=\"item-excerpt\">Animasjonsfilm som stiller sp\u00f8rsm\u00e5l om korleis vi menneske har inndelt verda i nasjoner og skapt grensar.<\/div><\/div><\/a><\/article><\/div><\/section>","protected":false},"excerpt":{"rendered":"","protected":false},"author":6,"featured_media":0,"parent":0,"menu_order":0,"comment_status":"closed","ping_status":"closed","template":"","meta":{"_acf_changed":false,"footnotes":""},"class_list":["post-3631","page","type-page","status-publish","hentry"],"acf":[],"yoast_head":"<!-- This site is optimized with the Yoast SEO plugin v27.5 - https:\/\/yoast.com\/product\/yoast-seo-wordpress\/ -->\n<title>Filmer for barneskole - Kunnskapsfilm<\/title>\n<meta name=\"robots\" content=\"index, follow, max-snippet:-1, max-image-preview:large, max-video-preview:-1\" \/>\n<link rel=\"canonical\" href=\"https:\/\/kunnskapsfilm.no\/nn-no\/filmer-for-barneskole\/\" \/>\n<meta property=\"og:locale\" content=\"nn_NO\" \/>\n<meta property=\"og:type\" content=\"article\" \/>\n<meta property=\"og:title\" content=\"Filmer for barneskole - Kunnskapsfilm\" \/>\n<meta property=\"og:url\" content=\"https:\/\/kunnskapsfilm.no\/nn-no\/filmer-for-barneskole\/\" \/>\n<meta property=\"og:site_name\" content=\"Kunnskapsfilm\" \/>\n<meta property=\"article:modified_time\" content=\"2024-06-04T13:19:24+00:00\" \/>\n<meta name=\"twitter:card\" content=\"summary_large_image\" \/>\n<script type=\"application\/ld+json\" class=\"yoast-schema-graph\">{\n\t    \"@context\": \"https:\\\/\\\/schema.org\",\n\t    \"@graph\": [\n\t        {\n\t            \"@type\": \"WebPage\",\n\t            \"@id\": \"https:\\\/\\\/kunnskapsfilm.no\\\/nn-no\\\/filmer-for-barneskole\\\/\",\n\t            \"url\": \"https:\\\/\\\/kunnskapsfilm.no\\\/nn-no\\\/filmer-for-barneskole\\\/\",\n\t            \"name\": \"Filmer for barneskole - Kunnskapsfilm\",\n\t            \"isPartOf\": {\n\t                \"@id\": \"https:\\\/\\\/kunnskapsfilm.no\\\/nn-no\\\/#website\"\n\t            },\n\t            \"datePublished\": \"2021-01-21T10:25:29+00:00\",\n\t            \"dateModified\": \"2024-06-04T13:19:24+00:00\",\n\t            \"breadcrumb\": {\n\t                \"@id\": \"https:\\\/\\\/kunnskapsfilm.no\\\/nn-no\\\/filmer-for-barneskole\\\/#breadcrumb\"\n\t            },\n\t            \"inLanguage\": \"nn-NO\",\n\t            \"potentialAction\": [\n\t                {\n\t                    \"@type\": \"ReadAction\",\n\t                    \"target\": [\n\t                        \"https:\\\/\\\/kunnskapsfilm.no\\\/nn-no\\\/filmer-for-barneskole\\\/\"\n\t                    ]\n\t                }\n\t            ]\n\t        },\n\t        {\n\t            \"@type\": \"BreadcrumbList\",\n\t            \"@id\": \"https:\\\/\\\/kunnskapsfilm.no\\\/nn-no\\\/filmer-for-barneskole\\\/#breadcrumb\",\n\t            \"itemListElement\": [\n\t                {\n\t                    \"@type\": \"ListItem\",\n\t                    \"position\": 1,\n\t                    \"name\": \"Home\",\n\t                    \"item\": \"https:\\\/\\\/kunnskapsfilm.no\\\/nn-no\\\/\"\n\t                },\n\t                {\n\t                    \"@type\": \"ListItem\",\n\t                    \"position\": 2,\n\t                    \"name\": \"Filmer for barneskole\"\n\t                }\n\t            ]\n\t        },\n\t        {\n\t            \"@type\": \"WebSite\",\n\t            \"@id\": \"https:\\\/\\\/kunnskapsfilm.no\\\/nn-no\\\/#website\",\n\t            \"url\": \"https:\\\/\\\/kunnskapsfilm.no\\\/nn-no\\\/\",\n\t            \"name\": \"Kunnskapsfilm\",\n\t            \"description\": \"For elever og l\u00e6rere i grunnskole og videreg\u00e5ende oppl\u00e6ring\",\n\t            \"inLanguage\": \"nn-NO\"\n\t        }\n\t    ]\n\t}<\/script>\n<!-- \/ Yoast SEO plugin. -->","yoast_head_json":{"title":"Filmer for barneskole - Kunnskapsfilm","robots":{"index":"index","follow":"follow","max-snippet":"max-snippet:-1","max-image-preview":"max-image-preview:large","max-video-preview":"max-video-preview:-1"},"canonical":"https:\/\/kunnskapsfilm.no\/nn-no\/filmer-for-barneskole\/","og_locale":"nn_NO","og_type":"article","og_title":"Filmer for barneskole - Kunnskapsfilm","og_url":"https:\/\/kunnskapsfilm.no\/nn-no\/filmer-for-barneskole\/","og_site_name":"Kunnskapsfilm","article_modified_time":"2024-06-04T13:19:24+00:00","twitter_card":"summary_large_image","schema":{"@context":"https:\/\/schema.org","@graph":[{"@type":"WebPage","@id":"https:\/\/kunnskapsfilm.no\/nn-no\/filmer-for-barneskole\/","url":"https:\/\/kunnskapsfilm.no\/nn-no\/filmer-for-barneskole\/","name":"Filmer for barneskole - Kunnskapsfilm","isPartOf":{"@id":"https:\/\/kunnskapsfilm.no\/nn-no\/#website"},"datePublished":"2021-01-21T10:25:29+00:00","dateModified":"2024-06-04T13:19:24+00:00","breadcrumb":{"@id":"https:\/\/kunnskapsfilm.no\/nn-no\/filmer-for-barneskole\/#breadcrumb"},"inLanguage":"nn-NO","potentialAction":[{"@type":"ReadAction","target":["https:\/\/kunnskapsfilm.no\/nn-no\/filmer-for-barneskole\/"]}]},{"@type":"BreadcrumbList","@id":"https:\/\/kunnskapsfilm.no\/nn-no\/filmer-for-barneskole\/#breadcrumb","itemListElement":[{"@type":"ListItem","position":1,"name":"Home","item":"https:\/\/kunnskapsfilm.no\/nn-no\/"},{"@type":"ListItem","position":2,"name":"Filmer for barneskole"}]},{"@type":"WebSite","@id":"https:\/\/kunnskapsfilm.no\/nn-no\/#website","url":"https:\/\/kunnskapsfilm.no\/nn-no\/","name":"Kunnskapsfilm","description":"For elever og l\u00e6rere i grunnskole og videreg\u00e5ende oppl\u00e6ring","inLanguage":"nn-NO"}]}},"_links":{"self":[{"href":"https:\/\/kunnskapsfilm.no\/nn-no\/wp-json\/wp\/v2\/pages\/3631","targetHints":{"allow":["GET"]}}],"collection":[{"href":"https:\/\/kunnskapsfilm.no\/nn-no\/wp-json\/wp\/v2\/pages"}],"about":[{"href":"https:\/\/kunnskapsfilm.no\/nn-no\/wp-json\/wp\/v2\/types\/page"}],"author":[{"embeddable":true,"href":"https:\/\/kunnskapsfilm.no\/nn-no\/wp-json\/wp\/v2\/users\/6"}],"replies":[{"embeddable":true,"href":"https:\/\/kunnskapsfilm.no\/nn-no\/wp-json\/wp\/v2\/comments?post=3631"}],"version-history":[{"count":1,"href":"https:\/\/kunnskapsfilm.no\/nn-no\/wp-json\/wp\/v2\/pages\/3631\/revisions"}],"predecessor-version":[{"id":3646,"href":"https:\/\/kunnskapsfilm.no\/nn-no\/wp-json\/wp\/v2\/pages\/3631\/revisions\/3646"}],"wp:attachment":[{"href":"https:\/\/kunnskapsfilm.no\/nn-no\/wp-json\/wp\/v2\/media?parent=3631"}],"curies":[{"name":"wp","href":"https:\/\/api.w.org\/{rel}","templated":true}]}}