{"id":3637,"date":"2021-01-20T11:52:14","date_gmt":"2021-01-20T10:52:14","guid":{"rendered":"https:\/\/kunnskapsfilm.no\/ekstremisme\/"},"modified":"2024-06-04T15:19:32","modified_gmt":"2024-06-04T13:19:32","slug":"ekstremisme","status":"publish","type":"page","link":"https:\/\/kunnskapsfilm.no\/nn-no\/ekstremisme\/","title":{"rendered":"Ekstremisme"},"content":{"rendered":"<section class=\"archive archive-list-container clr\"><div class=\"archive-list-container-inner\"><article class=\"archive-item project\"><a href=\"https:\/\/kunnskapsfilm.no\/nn-no\/prosjekter\/nordiske-sprak\/\" class=\"archive-item-link\" rel=\"bookmark\"><div class=\"archive-thumbnail-wrapper\"><img loading=\"lazy\" decoding=\"async\" width=\"640\" height=\"360\" src=\"https:\/\/kunnskapsfilm.no\/wp-content\/uploads\/2021\/04\/nordiske-spraak-640x360.png\" class=\"attachment-thumbnail size-thumbnail wp-post-image\" alt=\"\" srcset=\"https:\/\/kunnskapsfilm.no\/wp-content\/uploads\/2021\/04\/nordiske-spraak-640x360.png 640w, https:\/\/kunnskapsfilm.no\/wp-content\/uploads\/2021\/04\/nordiske-spraak-300x169.png 300w, https:\/\/kunnskapsfilm.no\/wp-content\/uploads\/2021\/04\/nordiske-spraak-1024x576.png 1024w, https:\/\/kunnskapsfilm.no\/wp-content\/uploads\/2021\/04\/nordiske-spraak-768x432.png 768w, https:\/\/kunnskapsfilm.no\/wp-content\/uploads\/2021\/04\/nordiske-spraak.png 1280w\" sizes=\"auto, (max-width: 640px) 100vw, 640px\" \/><\/div><div class=\"archive-item-txt\"><h2 class=\"archive-item-title balance-text\">Nordiske spr\u00e5k<\/h2><div class=\"item-excerpt\">Filmar om dansk, norsk, svensk, islandsk og f\u00e6r\u00f8ysk. Om likskapar, forskjellar og typiske ord og utrykk.<\/div><\/div><\/a><\/article><\/div><\/section>","protected":false},"excerpt":{"rendered":"","protected":false},"author":6,"featured_media":0,"parent":0,"menu_order":0,"comment_status":"closed","ping_status":"closed","template":"","meta":{"_acf_changed":false,"footnotes":""},"class_list":["post-3637","page","type-page","status-publish","hentry"],"acf":[],"yoast_head":"<!-- This site is optimized with the Yoast SEO plugin v27.5 - https:\/\/yoast.com\/product\/yoast-seo-wordpress\/ -->\n<title>Ekstremisme - Kunnskapsfilm<\/title>\n<meta name=\"robots\" content=\"index, follow, max-snippet:-1, max-image-preview:large, max-video-preview:-1\" \/>\n<link rel=\"canonical\" href=\"https:\/\/kunnskapsfilm.no\/nn-no\/ekstremisme\/\" \/>\n<meta property=\"og:locale\" content=\"nn_NO\" \/>\n<meta property=\"og:type\" content=\"article\" \/>\n<meta property=\"og:title\" content=\"Ekstremisme - Kunnskapsfilm\" \/>\n<meta property=\"og:url\" content=\"https:\/\/kunnskapsfilm.no\/nn-no\/ekstremisme\/\" \/>\n<meta property=\"og:site_name\" content=\"Kunnskapsfilm\" \/>\n<meta property=\"article:modified_time\" content=\"2024-06-04T13:19:32+00:00\" \/>\n<meta name=\"twitter:card\" content=\"summary_large_image\" \/>\n<script type=\"application\/ld+json\" class=\"yoast-schema-graph\">{\n\t    \"@context\": \"https:\\\/\\\/schema.org\",\n\t    \"@graph\": [\n\t        {\n\t            \"@type\": \"WebPage\",\n\t            \"@id\": \"https:\\\/\\\/kunnskapsfilm.no\\\/nn-no\\\/ekstremisme\\\/\",\n\t            \"url\": \"https:\\\/\\\/kunnskapsfilm.no\\\/nn-no\\\/ekstremisme\\\/\",\n\t            \"name\": \"Ekstremisme - Kunnskapsfilm\",\n\t            \"isPartOf\": {\n\t                \"@id\": \"https:\\\/\\\/kunnskapsfilm.no\\\/nn-no\\\/#website\"\n\t            },\n\t            \"datePublished\": \"2021-01-20T10:52:14+00:00\",\n\t            \"dateModified\": \"2024-06-04T13:19:32+00:00\",\n\t            \"breadcrumb\": {\n\t                \"@id\": \"https:\\\/\\\/kunnskapsfilm.no\\\/nn-no\\\/ekstremisme\\\/#breadcrumb\"\n\t            },\n\t            \"inLanguage\": \"nn-NO\",\n\t            \"potentialAction\": [\n\t                {\n\t                    \"@type\": \"ReadAction\",\n\t                    \"target\": [\n\t                        \"https:\\\/\\\/kunnskapsfilm.no\\\/nn-no\\\/ekstremisme\\\/\"\n\t                    ]\n\t                }\n\t            ]\n\t        },\n\t        {\n\t            \"@type\": \"BreadcrumbList\",\n\t            \"@id\": \"https:\\\/\\\/kunnskapsfilm.no\\\/nn-no\\\/ekstremisme\\\/#breadcrumb\",\n\t            \"itemListElement\": [\n\t                {\n\t                    \"@type\": \"ListItem\",\n\t                    \"position\": 1,\n\t                    \"name\": \"Home\",\n\t                    \"item\": \"https:\\\/\\\/kunnskapsfilm.no\\\/nn-no\\\/\"\n\t                },\n\t                {\n\t                    \"@type\": \"ListItem\",\n\t                    \"position\": 2,\n\t                    \"name\": \"Ekstremisme\"\n\t                }\n\t            ]\n\t        },\n\t        {\n\t            \"@type\": \"WebSite\",\n\t            \"@id\": \"https:\\\/\\\/kunnskapsfilm.no\\\/nn-no\\\/#website\",\n\t            \"url\": \"https:\\\/\\\/kunnskapsfilm.no\\\/nn-no\\\/\",\n\t            \"name\": \"Kunnskapsfilm\",\n\t            \"description\": \"For elever og l\u00e6rere i grunnskole og videreg\u00e5ende oppl\u00e6ring\",\n\t            \"inLanguage\": \"nn-NO\"\n\t        }\n\t    ]\n\t}<\/script>\n<!-- \/ Yoast SEO plugin. -->","yoast_head_json":{"title":"Ekstremisme - Kunnskapsfilm","robots":{"index":"index","follow":"follow","max-snippet":"max-snippet:-1","max-image-preview":"max-image-preview:large","max-video-preview":"max-video-preview:-1"},"canonical":"https:\/\/kunnskapsfilm.no\/nn-no\/ekstremisme\/","og_locale":"nn_NO","og_type":"article","og_title":"Ekstremisme - Kunnskapsfilm","og_url":"https:\/\/kunnskapsfilm.no\/nn-no\/ekstremisme\/","og_site_name":"Kunnskapsfilm","article_modified_time":"2024-06-04T13:19:32+00:00","twitter_card":"summary_large_image","schema":{"@context":"https:\/\/schema.org","@graph":[{"@type":"WebPage","@id":"https:\/\/kunnskapsfilm.no\/nn-no\/ekstremisme\/","url":"https:\/\/kunnskapsfilm.no\/nn-no\/ekstremisme\/","name":"Ekstremisme - Kunnskapsfilm","isPartOf":{"@id":"https:\/\/kunnskapsfilm.no\/nn-no\/#website"},"datePublished":"2021-01-20T10:52:14+00:00","dateModified":"2024-06-04T13:19:32+00:00","breadcrumb":{"@id":"https:\/\/kunnskapsfilm.no\/nn-no\/ekstremisme\/#breadcrumb"},"inLanguage":"nn-NO","potentialAction":[{"@type":"ReadAction","target":["https:\/\/kunnskapsfilm.no\/nn-no\/ekstremisme\/"]}]},{"@type":"BreadcrumbList","@id":"https:\/\/kunnskapsfilm.no\/nn-no\/ekstremisme\/#breadcrumb","itemListElement":[{"@type":"ListItem","position":1,"name":"Home","item":"https:\/\/kunnskapsfilm.no\/nn-no\/"},{"@type":"ListItem","position":2,"name":"Ekstremisme"}]},{"@type":"WebSite","@id":"https:\/\/kunnskapsfilm.no\/nn-no\/#website","url":"https:\/\/kunnskapsfilm.no\/nn-no\/","name":"Kunnskapsfilm","description":"For elever og l\u00e6rere i grunnskole og videreg\u00e5ende oppl\u00e6ring","inLanguage":"nn-NO"}]}},"_links":{"self":[{"href":"https:\/\/kunnskapsfilm.no\/nn-no\/wp-json\/wp\/v2\/pages\/3637","targetHints":{"allow":["GET"]}}],"collection":[{"href":"https:\/\/kunnskapsfilm.no\/nn-no\/wp-json\/wp\/v2\/pages"}],"about":[{"href":"https:\/\/kunnskapsfilm.no\/nn-no\/wp-json\/wp\/v2\/types\/page"}],"author":[{"embeddable":true,"href":"https:\/\/kunnskapsfilm.no\/nn-no\/wp-json\/wp\/v2\/users\/6"}],"replies":[{"embeddable":true,"href":"https:\/\/kunnskapsfilm.no\/nn-no\/wp-json\/wp\/v2\/comments?post=3637"}],"version-history":[{"count":1,"href":"https:\/\/kunnskapsfilm.no\/nn-no\/wp-json\/wp\/v2\/pages\/3637\/revisions"}],"predecessor-version":[{"id":3652,"href":"https:\/\/kunnskapsfilm.no\/nn-no\/wp-json\/wp\/v2\/pages\/3637\/revisions\/3652"}],"wp:attachment":[{"href":"https:\/\/kunnskapsfilm.no\/nn-no\/wp-json\/wp\/v2\/media?parent=3637"}],"curies":[{"name":"wp","href":"https:\/\/api.w.org\/{rel}","templated":true}]}}