{"id":3640,"date":"2020-11-02T10:23:24","date_gmt":"2020-11-02T09:23:24","guid":{"rendered":"https:\/\/kunnskapsfilm.no\/om-kunnskapsfilm\/"},"modified":"2025-03-21T10:36:04","modified_gmt":"2025-03-21T09:36:04","slug":"om-kunnskapsfilm","status":"publish","type":"page","link":"https:\/\/kunnskapsfilm.no\/nn-no\/om-kunnskapsfilm\/","title":{"rendered":"Kunnskapsfilm &#8211; om oss"},"content":{"rendered":"<style>.kb-row-layout-id2_cefe69-74 > .kt-row-column-wrap{align-content:start;}:where(.kb-row-layout-id2_cefe69-74 > .kt-row-column-wrap) > .wp-block-kadence-column{justify-content:start;}.kb-row-layout-id2_cefe69-74 > .kt-row-column-wrap{column-gap:var(--global-kb-gap-md, 2rem);row-gap:var(--global-kb-gap-md, 2rem);padding-top:var(--global-kb-spacing-sm, 1.5rem);padding-bottom:var(--global-kb-spacing-sm, 1.5rem);grid-template-columns:minmax(0, 2fr) minmax(0, 1fr);}.kb-row-layout-id2_cefe69-74 > .kt-row-layout-overlay{opacity:0.30;}@media all and (max-width: 1024px){.kb-row-layout-id2_cefe69-74 > .kt-row-column-wrap{grid-template-columns:minmax(0, 2fr) minmax(0, 1fr);}}@media all and (max-width: 767px){.kb-row-layout-id2_cefe69-74 > .kt-row-column-wrap{grid-template-columns:minmax(0, 1fr);}}<\/style><div class=\"kb-row-layout-wrap kb-row-layout-id2_cefe69-74 alignnone wp-block-kadence-rowlayout\"><div class=\"kt-row-column-wrap kt-has-2-columns kt-row-layout-left-golden kt-tab-layout-inherit kt-mobile-layout-row kt-row-valign-top\">\n<style>.kadence-column2_671c40-86 > .kt-inside-inner-col,.kadence-column2_671c40-86 > .kt-inside-inner-col:before{border-top-left-radius:0px;border-top-right-radius:0px;border-bottom-right-radius:0px;border-bottom-left-radius:0px;}.kadence-column2_671c40-86 > .kt-inside-inner-col{column-gap:var(--global-kb-gap-sm, 1rem);}.kadence-column2_671c40-86 > .kt-inside-inner-col{flex-direction:column;}.kadence-column2_671c40-86 > .kt-inside-inner-col > .aligncenter{width:100%;}.kadence-column2_671c40-86 > .kt-inside-inner-col:before{opacity:0.3;}.kadence-column2_671c40-86{position:relative;}@media all and (max-width: 1024px){.kadence-column2_671c40-86 > .kt-inside-inner-col{flex-direction:column;justify-content:center;}}@media all and (max-width: 767px){.kadence-column2_671c40-86 > .kt-inside-inner-col{flex-direction:column;justify-content:center;}}<\/style>\n<div class=\"wp-block-kadence-column kadence-column2_671c40-86 inner-column-1\"><div class=\"kt-inside-inner-col\">\n<p class=\"has-medium-font-size\">Kunnskapsfilm er et nettsted for elever og l\u00e6rere i grunnskole og videreg\u00e5ende oppl\u00e6ring. Nettstedet er bygd opp av filmserier. Filmene vil ogs\u00e5 v\u00e6re nyttige for alle som har lyst til \u00e5 l\u00e6re mer. Flere av filmseriene har tilh\u00f8rende oppgaver, ressurser og oversikt over aktuelle kompetansem\u00e5l.<\/p>\n\n\n\n<h2 class=\"wp-block-heading\">Creative Commons<\/h2>\n\n\n\n<p>Filmene er lisensiert under Creative Commens-lisensen&nbsp;<a href=\"http:\/\/creativecommons.org\/licenses\/by-nc-nd\/3.0\/deed.no\" target=\"_blank\" rel=\"noreferrer noopener\">CC BY-NC-ND 3.0<\/a>. Det vil si at du kan dele filmene med andre, men du kan ikke bruke materialet i kommersiell sammenheng og heller ikke bearbeide materialet. Oppgaver og tilh\u00f8rende ressurser er ikke lisensiert under Creative Commons.<\/p>\n\n\n\n<h2 class=\"wp-block-heading\">Kontakt oss<\/h2>\n\n\n\n<p>Nettressursen Kunnskapsfilm.no er utviklet og initiert av Leidar Norway. Leidar er et fullservice kommunikasjonshus som har et spesielt engasjement for utvikling l\u00e6ringsressurser.<\/p>\n\n\n\n<p>Ressursen ligger fritt og \u00e5pent tilgjengelig. Mange av l\u00e6ringsressursene p\u00e5 siden er st\u00f8ttet av Utdanningsdirektoratet. Hvem som st\u00e5r bak finansieringen av hver enkelt serie er tydelig beskrevet under hver filmserie.<\/p>\n\n\n\n<p>Nettstedet er under kontinuerlig utvikling, og vi tar gjerne imot innspill fra dere som bruker nettstedet. Dersom du har forslag og id\u00e9er til filmer eller annet innhold, er vi taknemlige for \u00e5 f\u00e5 dette tilsendt p\u00e5&nbsp;<a href=\"mailto:post@kunnskapsfilm.no\">mari.finnestad@leidar.com<\/a>.<\/p>\n<\/div><\/div>\n\n\n<style>.kadence-column2_b4e0d7-05 > .kt-inside-inner-col,.kadence-column2_b4e0d7-05 > .kt-inside-inner-col:before{border-top-left-radius:0px;border-top-right-radius:0px;border-bottom-right-radius:0px;border-bottom-left-radius:0px;}.kadence-column2_b4e0d7-05 > .kt-inside-inner-col{column-gap:var(--global-kb-gap-sm, 1rem);}.kadence-column2_b4e0d7-05 > .kt-inside-inner-col{flex-direction:column;}.kadence-column2_b4e0d7-05 > .kt-inside-inner-col > .aligncenter{width:100%;}.kadence-column2_b4e0d7-05 > .kt-inside-inner-col:before{opacity:0.3;}.kadence-column2_b4e0d7-05{position:relative;}@media all and (max-width: 1024px){.kadence-column2_b4e0d7-05 > .kt-inside-inner-col{flex-direction:column;justify-content:center;}}@media all and (max-width: 767px){.kadence-column2_b4e0d7-05 > .kt-inside-inner-col{flex-direction:column;justify-content:center;}}<\/style>\n<div class=\"wp-block-kadence-column kadence-column2_b4e0d7-05 inner-column-2\"><div class=\"kt-inside-inner-col\">\n<p><strong>Ansvarlig redakt\u00f8r<\/strong><\/p>\n\n\n\n<p>Mari Finnestad<br><a href=\"mailto:mari.finnestad@leidar.com\">mari.finnestad@leidar.com<\/a><br><\/p>\n<\/div><\/div>\n\n<\/div><\/div>","protected":false},"excerpt":{"rendered":"<p>Kunnskapsfilm er et nettsted for elever og l\u00e6rere i grunnskole og videreg\u00e5ende oppl\u00e6ring. Nettstedet er bygd opp av filmserier. Filmene vil ogs\u00e5 v\u00e6re nyttige for alle som har lyst til \u00e5 l\u00e6re mer. Flere av filmseriene har tilh\u00f8rende oppgaver, ressurser og oversikt over aktuelle kompetansem\u00e5l. Creative Commons Filmene er lisensiert under Creative Commens-lisensen&nbsp;CC BY-NC-ND 3.0. [&hellip;]<\/p>\n","protected":false},"author":6,"featured_media":0,"parent":0,"menu_order":0,"comment_status":"closed","ping_status":"closed","template":"","meta":{"_acf_changed":false,"footnotes":""},"class_list":["post-3640","page","type-page","status-publish","hentry"],"acf":[],"yoast_head":"<!-- This site is optimized with the Yoast SEO plugin v27.4 - https:\/\/yoast.com\/product\/yoast-seo-wordpress\/ -->\n<title>Kunnskapsfilm - om oss - Kunnskapsfilm<\/title>\n<meta name=\"robots\" content=\"index, follow, max-snippet:-1, max-image-preview:large, max-video-preview:-1\" \/>\n<link rel=\"canonical\" href=\"https:\/\/kunnskapsfilm.no\/nn-no\/om-kunnskapsfilm\/\" \/>\n<meta property=\"og:locale\" content=\"nn_NO\" \/>\n<meta property=\"og:type\" content=\"article\" \/>\n<meta property=\"og:title\" content=\"Kunnskapsfilm - om oss - Kunnskapsfilm\" \/>\n<meta property=\"og:description\" content=\"Kunnskapsfilm er et nettsted for elever og l\u00e6rere i grunnskole og videreg\u00e5ende oppl\u00e6ring. Nettstedet er bygd opp av filmserier. Filmene vil ogs\u00e5 v\u00e6re nyttige for alle som har lyst til \u00e5 l\u00e6re mer. Flere av filmseriene har tilh\u00f8rende oppgaver, ressurser og oversikt over aktuelle kompetansem\u00e5l. Creative Commons Filmene er lisensiert under Creative Commens-lisensen&nbsp;CC BY-NC-ND 3.0. [&hellip;]\" \/>\n<meta property=\"og:url\" content=\"https:\/\/kunnskapsfilm.no\/nn-no\/om-kunnskapsfilm\/\" \/>\n<meta property=\"og:site_name\" content=\"Kunnskapsfilm\" \/>\n<meta property=\"article:modified_time\" content=\"2025-03-21T09:36:04+00:00\" \/>\n<meta name=\"twitter:card\" content=\"summary_large_image\" \/>\n<meta name=\"twitter:label1\" content=\"Est. reading time\" \/>\n\t<meta name=\"twitter:data1\" content=\"1 minutt\" \/>\n<script type=\"application\/ld+json\" class=\"yoast-schema-graph\">{\n\t    \"@context\": \"https:\\\/\\\/schema.org\",\n\t    \"@graph\": [\n\t        {\n\t            \"@type\": \"WebPage\",\n\t            \"@id\": \"https:\\\/\\\/kunnskapsfilm.no\\\/nn-no\\\/om-kunnskapsfilm\\\/\",\n\t            \"url\": \"https:\\\/\\\/kunnskapsfilm.no\\\/nn-no\\\/om-kunnskapsfilm\\\/\",\n\t            \"name\": \"Kunnskapsfilm - om oss - Kunnskapsfilm\",\n\t            \"isPartOf\": {\n\t                \"@id\": \"https:\\\/\\\/kunnskapsfilm.no\\\/nn-no\\\/#website\"\n\t            },\n\t            \"datePublished\": \"2020-11-02T09:23:24+00:00\",\n\t            \"dateModified\": \"2025-03-21T09:36:04+00:00\",\n\t            \"breadcrumb\": {\n\t                \"@id\": \"https:\\\/\\\/kunnskapsfilm.no\\\/nn-no\\\/om-kunnskapsfilm\\\/#breadcrumb\"\n\t            },\n\t            \"inLanguage\": \"nn-NO\",\n\t            \"potentialAction\": [\n\t                {\n\t                    \"@type\": \"ReadAction\",\n\t                    \"target\": [\n\t                        \"https:\\\/\\\/kunnskapsfilm.no\\\/nn-no\\\/om-kunnskapsfilm\\\/\"\n\t                    ]\n\t                }\n\t            ]\n\t        },\n\t        {\n\t            \"@type\": \"BreadcrumbList\",\n\t            \"@id\": \"https:\\\/\\\/kunnskapsfilm.no\\\/nn-no\\\/om-kunnskapsfilm\\\/#breadcrumb\",\n\t            \"itemListElement\": [\n\t                {\n\t                    \"@type\": \"ListItem\",\n\t                    \"position\": 1,\n\t                    \"name\": \"Home\",\n\t                    \"item\": \"https:\\\/\\\/kunnskapsfilm.no\\\/nn-no\\\/\"\n\t                },\n\t                {\n\t                    \"@type\": \"ListItem\",\n\t                    \"position\": 2,\n\t                    \"name\": \"Kunnskapsfilm &#8211; om oss\"\n\t                }\n\t            ]\n\t        },\n\t        {\n\t            \"@type\": \"WebSite\",\n\t            \"@id\": \"https:\\\/\\\/kunnskapsfilm.no\\\/nn-no\\\/#website\",\n\t            \"url\": \"https:\\\/\\\/kunnskapsfilm.no\\\/nn-no\\\/\",\n\t            \"name\": \"Kunnskapsfilm\",\n\t            \"description\": \"For elever og l\u00e6rere i grunnskole og videreg\u00e5ende oppl\u00e6ring\",\n\t            \"inLanguage\": \"nn-NO\"\n\t        }\n\t    ]\n\t}<\/script>\n<!-- \/ Yoast SEO plugin. -->","yoast_head_json":{"title":"Kunnskapsfilm - om oss - Kunnskapsfilm","robots":{"index":"index","follow":"follow","max-snippet":"max-snippet:-1","max-image-preview":"max-image-preview:large","max-video-preview":"max-video-preview:-1"},"canonical":"https:\/\/kunnskapsfilm.no\/nn-no\/om-kunnskapsfilm\/","og_locale":"nn_NO","og_type":"article","og_title":"Kunnskapsfilm - om oss - Kunnskapsfilm","og_description":"Kunnskapsfilm er et nettsted for elever og l\u00e6rere i grunnskole og videreg\u00e5ende oppl\u00e6ring. Nettstedet er bygd opp av filmserier. Filmene vil ogs\u00e5 v\u00e6re nyttige for alle som har lyst til \u00e5 l\u00e6re mer. Flere av filmseriene har tilh\u00f8rende oppgaver, ressurser og oversikt over aktuelle kompetansem\u00e5l. Creative Commons Filmene er lisensiert under Creative Commens-lisensen&nbsp;CC BY-NC-ND 3.0. [&hellip;]","og_url":"https:\/\/kunnskapsfilm.no\/nn-no\/om-kunnskapsfilm\/","og_site_name":"Kunnskapsfilm","article_modified_time":"2025-03-21T09:36:04+00:00","twitter_card":"summary_large_image","twitter_misc":{"Est. reading time":"1 minutt"},"schema":{"@context":"https:\/\/schema.org","@graph":[{"@type":"WebPage","@id":"https:\/\/kunnskapsfilm.no\/nn-no\/om-kunnskapsfilm\/","url":"https:\/\/kunnskapsfilm.no\/nn-no\/om-kunnskapsfilm\/","name":"Kunnskapsfilm - om oss - Kunnskapsfilm","isPartOf":{"@id":"https:\/\/kunnskapsfilm.no\/nn-no\/#website"},"datePublished":"2020-11-02T09:23:24+00:00","dateModified":"2025-03-21T09:36:04+00:00","breadcrumb":{"@id":"https:\/\/kunnskapsfilm.no\/nn-no\/om-kunnskapsfilm\/#breadcrumb"},"inLanguage":"nn-NO","potentialAction":[{"@type":"ReadAction","target":["https:\/\/kunnskapsfilm.no\/nn-no\/om-kunnskapsfilm\/"]}]},{"@type":"BreadcrumbList","@id":"https:\/\/kunnskapsfilm.no\/nn-no\/om-kunnskapsfilm\/#breadcrumb","itemListElement":[{"@type":"ListItem","position":1,"name":"Home","item":"https:\/\/kunnskapsfilm.no\/nn-no\/"},{"@type":"ListItem","position":2,"name":"Kunnskapsfilm &#8211; om oss"}]},{"@type":"WebSite","@id":"https:\/\/kunnskapsfilm.no\/nn-no\/#website","url":"https:\/\/kunnskapsfilm.no\/nn-no\/","name":"Kunnskapsfilm","description":"For elever og l\u00e6rere i grunnskole og videreg\u00e5ende oppl\u00e6ring","inLanguage":"nn-NO"}]}},"_links":{"self":[{"href":"https:\/\/kunnskapsfilm.no\/nn-no\/wp-json\/wp\/v2\/pages\/3640","targetHints":{"allow":["GET"]}}],"collection":[{"href":"https:\/\/kunnskapsfilm.no\/nn-no\/wp-json\/wp\/v2\/pages"}],"about":[{"href":"https:\/\/kunnskapsfilm.no\/nn-no\/wp-json\/wp\/v2\/types\/page"}],"author":[{"embeddable":true,"href":"https:\/\/kunnskapsfilm.no\/nn-no\/wp-json\/wp\/v2\/users\/6"}],"replies":[{"embeddable":true,"href":"https:\/\/kunnskapsfilm.no\/nn-no\/wp-json\/wp\/v2\/comments?post=3640"}],"version-history":[{"count":3,"href":"https:\/\/kunnskapsfilm.no\/nn-no\/wp-json\/wp\/v2\/pages\/3640\/revisions"}],"predecessor-version":[{"id":7162,"href":"https:\/\/kunnskapsfilm.no\/nn-no\/wp-json\/wp\/v2\/pages\/3640\/revisions\/7162"}],"wp:attachment":[{"href":"https:\/\/kunnskapsfilm.no\/nn-no\/wp-json\/wp\/v2\/media?parent=3640"}],"curies":[{"name":"wp","href":"https:\/\/api.w.org\/{rel}","templated":true}]}}