{"id":3641,"date":"2020-11-02T10:23:24","date_gmt":"2020-11-02T09:23:24","guid":{"rendered":"https:\/\/kunnskapsfilm.no\/privacy-policy\/"},"modified":"2025-03-21T13:04:11","modified_gmt":"2025-03-21T12:04:11","slug":"personvernerklaering","status":"publish","type":"page","link":"https:\/\/kunnskapsfilm.no\/nn-no\/personvernerklaering\/","title":{"rendered":"Personvernerkl\u00e6ring"},"content":{"rendered":"\n<p><\/p>\n\n\n\n<h1 class=\"wp-block-heading\">Personvernerkl\u00e6ring<\/h1>\n\n\n\n<p><strong>Personvernerkl\u00e6ringen beskriver hva Leidar Norway samler inn og hvordan denne informasjonen brukes. Den forteller ogs\u00e5 om hvilke rettigheter du har, og hvordan du i praksis g\u00e5r frem om du vil f\u00e5 innsyn i-, eller fjernes fra v\u00e5re databaser.<\/strong><\/p>\n\n\n\n<h2 class=\"wp-block-heading\">Webanalyse og informasjonskapsler<\/h2>\n\n\n\n<p>Som en viktig del av arbeidet med \u00e5 lage et brukervennlig nettsted, ser vi p\u00e5 brukerm\u00f8nsteret til de som bes\u00f8ker nettstedet. For \u00e5 analysere informasjonen, bruker vi analyseverkt\u00f8yet Google Analytics.<\/p>\n\n\n\n<p>Google Analytics bruker informasjonskapsler\/cookies (sm\u00e5 tekstfiler som nettstedet lagrer p\u00e5 brukerens datamaskin), som registrerer brukernes IP-adresse, og som gir informasjon om den enkelte brukers bevegelser p\u00e5 nett. Eksempler p\u00e5 hva statistikken gir oss svar p\u00e5 er; hvor mange som bes\u00f8ker ulike sider, hvor lenge bes\u00f8ket varer, hvilke nettsteder brukerne kommer fra og hvilke nettlesere som benyttes. Ingen av informasjonskapslene gj\u00f8r at vi kan knytte informasjon om din bruk av nettstedet til deg som enkeltperson. Data knyttet til informasjonskapsler slettes automatisk 14 m\u00e5neder etter registering. Du kan selv administrerer bruken av informasjonskapsler.<\/p>\n\n\n\n<p>Informasjonen som samles inn av Google Analytics, lagres p\u00e5 Googles servere i USA. Mottatte opplysninger er underlagt Googles retningslinjer for personvern.<\/p>\n\n\n\n<p>En IP-adresse er definert som en personopplysning fordi den kan spores tilbake til en bestemt maskinvare og dermed til en enkeltperson. Leidar anonymiserer brukerens IP-adresse f\u00f8r informasjonen lagres og bearbeides av Google. Dermed kan ikke den anonymiserte IP-adressen brukes til \u00e5 identifisere den enkelte brukeren.<\/p>\n\n\n\n<p>Din IP-adresse logges ogs\u00e5 for en kort periode av v\u00e5re webservere. Brukerens IP-adresse, tidspunkt, nettadresse, HTTP status, antall bytes sendt, HTTP referer og HTTP user agent blir logget i 60 dager. Deretter slettes loggen automatisk.<\/p>\n\n\n\n<h2 class=\"wp-block-heading\">Side- og tjenestefunksjonalitet<\/h2>\n\n\n\n<p>Det blir brukt informasjonskapsler i drift og presentasjon av data fra nettsteder. Slike informasjonskapsler kan inneholde informasjon om spr\u00e5kkode for spr\u00e5k valgt av brukeren. Det kan v\u00e6re informasjonskapsler med informasjon som st\u00f8tter om lastbalanseringen av systemet slik at alle brukere blir sikret en best mulig opplevelse.<\/p>\n\n\n\n<h2 class=\"wp-block-heading\">Videoavspilling<\/h2>\n\n\n\n<p>Denne siden bruker Vimeo som videoavspiller. Vimeo samler inn data n\u00e5r du spiller av en video. Dataene brukes til \u00e5 finne ut hvem og hvor lenge videoene blir brukt.<\/p>\n\n\n\n<h2 class=\"wp-block-heading\">Rettigheter<\/h2>\n\n\n\n<p>Alle som sp\u00f8r har rett p\u00e5 grunnleggende informasjon om hvordan en virksomhet behandler personopplysninger. I denne erkl\u00e6ringen omtaler vi hvilke opplysninger vi samler inn og hvordan de brukes. Dersom du er registert i et av systemene til Leidar har du rett p\u00e5 innsyn i dine egne personopplysninger. Du kan ogs\u00e5 be om retting eller sletting av mangelfulle eller uriktige opplysninger. Kravet ditt vil bli behandlet kostnadsfritt og senest innen 30 dager. Alle henvendelser om innsyn i personopplysninger kan rettes til e-post&nbsp;<a href=\"mailto:kontakt@leidar.no\">kontakt@leidar.no<\/a>.<\/p>\n\n\n\n<h2 class=\"wp-block-heading\">Hvordan h\u00e5ndtere informasjonskapsler i din nettleser<\/h2>\n\n\n\n<p>P\u00e5&nbsp;<a href=\"https:\/\/nettvett.no\/\">www.nettvett.no<\/a>&nbsp;kan du lese om hvordan du stiller inn nettleseren for \u00e5 godta\/avvise informasjonskapsler, og f\u00e5 tips til sikrere bruk av internett.<\/p>\n","protected":false},"excerpt":{"rendered":"<p>Personvernerkl\u00e6ring Personvernerkl\u00e6ringen beskriver hva Leidar Norway samler inn og hvordan denne informasjonen brukes. Den forteller ogs\u00e5 om hvilke rettigheter du har, og hvordan du i praksis g\u00e5r frem om du vil f\u00e5 innsyn i-, eller fjernes fra v\u00e5re databaser. Webanalyse og informasjonskapsler Som en viktig del av arbeidet med \u00e5 lage et brukervennlig nettsted, ser [&hellip;]<\/p>\n","protected":false},"author":6,"featured_media":0,"parent":0,"menu_order":0,"comment_status":"closed","ping_status":"closed","template":"","meta":{"_acf_changed":false,"footnotes":""},"class_list":["post-3641","page","type-page","status-publish","hentry"],"acf":[],"yoast_head":"<!-- This site is optimized with the Yoast SEO plugin v27.5 - https:\/\/yoast.com\/product\/yoast-seo-wordpress\/ -->\n<title>Personvernerkl\u00e6ring - Kunnskapsfilm<\/title>\n<meta name=\"robots\" content=\"index, follow, max-snippet:-1, max-image-preview:large, max-video-preview:-1\" \/>\n<link rel=\"canonical\" href=\"https:\/\/kunnskapsfilm.no\/nn-no\/personvernerklaering\/\" \/>\n<meta property=\"og:locale\" content=\"nn_NO\" \/>\n<meta property=\"og:type\" content=\"article\" \/>\n<meta property=\"og:title\" content=\"Personvernerkl\u00e6ring - Kunnskapsfilm\" \/>\n<meta property=\"og:description\" content=\"Personvernerkl\u00e6ring Personvernerkl\u00e6ringen beskriver hva Leidar Norway samler inn og hvordan denne informasjonen brukes. Den forteller ogs\u00e5 om hvilke rettigheter du har, og hvordan du i praksis g\u00e5r frem om du vil f\u00e5 innsyn i-, eller fjernes fra v\u00e5re databaser. Webanalyse og informasjonskapsler Som en viktig del av arbeidet med \u00e5 lage et brukervennlig nettsted, ser [&hellip;]\" \/>\n<meta property=\"og:url\" content=\"https:\/\/kunnskapsfilm.no\/nn-no\/personvernerklaering\/\" \/>\n<meta property=\"og:site_name\" content=\"Kunnskapsfilm\" \/>\n<meta property=\"article:modified_time\" content=\"2025-03-21T12:04:11+00:00\" \/>\n<meta name=\"twitter:card\" content=\"summary_large_image\" \/>\n<meta name=\"twitter:label1\" content=\"Est. reading time\" \/>\n\t<meta name=\"twitter:data1\" content=\"2 minutt\" \/>\n<script type=\"application\/ld+json\" class=\"yoast-schema-graph\">{\n\t    \"@context\": \"https:\\\/\\\/schema.org\",\n\t    \"@graph\": [\n\t        {\n\t            \"@type\": \"WebPage\",\n\t            \"@id\": \"https:\\\/\\\/kunnskapsfilm.no\\\/nn-no\\\/personvernerklaering\\\/\",\n\t            \"url\": \"https:\\\/\\\/kunnskapsfilm.no\\\/nn-no\\\/personvernerklaering\\\/\",\n\t            \"name\": \"Personvernerkl\u00e6ring - Kunnskapsfilm\",\n\t            \"isPartOf\": {\n\t                \"@id\": \"https:\\\/\\\/kunnskapsfilm.no\\\/nn-no\\\/#website\"\n\t            },\n\t            \"datePublished\": \"2020-11-02T09:23:24+00:00\",\n\t            \"dateModified\": \"2025-03-21T12:04:11+00:00\",\n\t            \"breadcrumb\": {\n\t                \"@id\": \"https:\\\/\\\/kunnskapsfilm.no\\\/nn-no\\\/personvernerklaering\\\/#breadcrumb\"\n\t            },\n\t            \"inLanguage\": \"nn-NO\",\n\t            \"potentialAction\": [\n\t                {\n\t                    \"@type\": \"ReadAction\",\n\t                    \"target\": [\n\t                        \"https:\\\/\\\/kunnskapsfilm.no\\\/nn-no\\\/personvernerklaering\\\/\"\n\t                    ]\n\t                }\n\t            ]\n\t        },\n\t        {\n\t            \"@type\": \"BreadcrumbList\",\n\t            \"@id\": \"https:\\\/\\\/kunnskapsfilm.no\\\/nn-no\\\/personvernerklaering\\\/#breadcrumb\",\n\t            \"itemListElement\": [\n\t                {\n\t                    \"@type\": \"ListItem\",\n\t                    \"position\": 1,\n\t                    \"name\": \"Home\",\n\t                    \"item\": \"https:\\\/\\\/kunnskapsfilm.no\\\/nn-no\\\/\"\n\t                },\n\t                {\n\t                    \"@type\": \"ListItem\",\n\t                    \"position\": 2,\n\t                    \"name\": \"Personvernerkl\u00e6ring\"\n\t                }\n\t            ]\n\t        },\n\t        {\n\t            \"@type\": \"WebSite\",\n\t            \"@id\": \"https:\\\/\\\/kunnskapsfilm.no\\\/nn-no\\\/#website\",\n\t            \"url\": \"https:\\\/\\\/kunnskapsfilm.no\\\/nn-no\\\/\",\n\t            \"name\": \"Kunnskapsfilm\",\n\t            \"description\": \"For elever og l\u00e6rere i grunnskole og videreg\u00e5ende oppl\u00e6ring\",\n\t            \"inLanguage\": \"nn-NO\"\n\t        }\n\t    ]\n\t}<\/script>\n<!-- \/ Yoast SEO plugin. -->","yoast_head_json":{"title":"Personvernerkl\u00e6ring - Kunnskapsfilm","robots":{"index":"index","follow":"follow","max-snippet":"max-snippet:-1","max-image-preview":"max-image-preview:large","max-video-preview":"max-video-preview:-1"},"canonical":"https:\/\/kunnskapsfilm.no\/nn-no\/personvernerklaering\/","og_locale":"nn_NO","og_type":"article","og_title":"Personvernerkl\u00e6ring - Kunnskapsfilm","og_description":"Personvernerkl\u00e6ring Personvernerkl\u00e6ringen beskriver hva Leidar Norway samler inn og hvordan denne informasjonen brukes. Den forteller ogs\u00e5 om hvilke rettigheter du har, og hvordan du i praksis g\u00e5r frem om du vil f\u00e5 innsyn i-, eller fjernes fra v\u00e5re databaser. Webanalyse og informasjonskapsler Som en viktig del av arbeidet med \u00e5 lage et brukervennlig nettsted, ser [&hellip;]","og_url":"https:\/\/kunnskapsfilm.no\/nn-no\/personvernerklaering\/","og_site_name":"Kunnskapsfilm","article_modified_time":"2025-03-21T12:04:11+00:00","twitter_card":"summary_large_image","twitter_misc":{"Est. reading time":"2 minutt"},"schema":{"@context":"https:\/\/schema.org","@graph":[{"@type":"WebPage","@id":"https:\/\/kunnskapsfilm.no\/nn-no\/personvernerklaering\/","url":"https:\/\/kunnskapsfilm.no\/nn-no\/personvernerklaering\/","name":"Personvernerkl\u00e6ring - Kunnskapsfilm","isPartOf":{"@id":"https:\/\/kunnskapsfilm.no\/nn-no\/#website"},"datePublished":"2020-11-02T09:23:24+00:00","dateModified":"2025-03-21T12:04:11+00:00","breadcrumb":{"@id":"https:\/\/kunnskapsfilm.no\/nn-no\/personvernerklaering\/#breadcrumb"},"inLanguage":"nn-NO","potentialAction":[{"@type":"ReadAction","target":["https:\/\/kunnskapsfilm.no\/nn-no\/personvernerklaering\/"]}]},{"@type":"BreadcrumbList","@id":"https:\/\/kunnskapsfilm.no\/nn-no\/personvernerklaering\/#breadcrumb","itemListElement":[{"@type":"ListItem","position":1,"name":"Home","item":"https:\/\/kunnskapsfilm.no\/nn-no\/"},{"@type":"ListItem","position":2,"name":"Personvernerkl\u00e6ring"}]},{"@type":"WebSite","@id":"https:\/\/kunnskapsfilm.no\/nn-no\/#website","url":"https:\/\/kunnskapsfilm.no\/nn-no\/","name":"Kunnskapsfilm","description":"For elever og l\u00e6rere i grunnskole og videreg\u00e5ende oppl\u00e6ring","inLanguage":"nn-NO"}]}},"_links":{"self":[{"href":"https:\/\/kunnskapsfilm.no\/nn-no\/wp-json\/wp\/v2\/pages\/3641","targetHints":{"allow":["GET"]}}],"collection":[{"href":"https:\/\/kunnskapsfilm.no\/nn-no\/wp-json\/wp\/v2\/pages"}],"about":[{"href":"https:\/\/kunnskapsfilm.no\/nn-no\/wp-json\/wp\/v2\/types\/page"}],"author":[{"embeddable":true,"href":"https:\/\/kunnskapsfilm.no\/nn-no\/wp-json\/wp\/v2\/users\/6"}],"replies":[{"embeddable":true,"href":"https:\/\/kunnskapsfilm.no\/nn-no\/wp-json\/wp\/v2\/comments?post=3641"}],"version-history":[{"count":2,"href":"https:\/\/kunnskapsfilm.no\/nn-no\/wp-json\/wp\/v2\/pages\/3641\/revisions"}],"predecessor-version":[{"id":7168,"href":"https:\/\/kunnskapsfilm.no\/nn-no\/wp-json\/wp\/v2\/pages\/3641\/revisions\/7168"}],"wp:attachment":[{"href":"https:\/\/kunnskapsfilm.no\/nn-no\/wp-json\/wp\/v2\/media?parent=3641"}],"curies":[{"name":"wp","href":"https:\/\/api.w.org\/{rel}","templated":true}]}}