{"id":7163,"date":"2025-03-21T10:35:07","date_gmt":"2025-03-21T09:35:07","guid":{"rendered":"https:\/\/kunnskapsfilm.no\/?page_id=7163"},"modified":"2025-03-21T10:36:44","modified_gmt":"2025-03-21T09:36:44","slug":"universell-utforming","status":"publish","type":"page","link":"https:\/\/kunnskapsfilm.no\/nn-no\/universell-utforming\/","title":{"rendered":"Universell utforming"},"content":{"rendered":"\n<p>Under utvikling.<\/p>\n","protected":false},"excerpt":{"rendered":"<p>Under utvikling.<\/p>\n","protected":false},"author":5,"featured_media":0,"parent":0,"menu_order":0,"comment_status":"closed","ping_status":"closed","template":"","meta":{"_acf_changed":false,"footnotes":""},"class_list":["post-7163","page","type-page","status-publish","hentry"],"acf":[],"yoast_head":"<!-- This site is optimized with the Yoast SEO plugin v27.4 - https:\/\/yoast.com\/product\/yoast-seo-wordpress\/ -->\n<title>Universell utforming - Kunnskapsfilm<\/title>\n<meta name=\"robots\" content=\"index, follow, max-snippet:-1, max-image-preview:large, max-video-preview:-1\" \/>\n<link rel=\"canonical\" href=\"https:\/\/kunnskapsfilm.no\/nn-no\/universell-utforming\/\" \/>\n<meta property=\"og:locale\" content=\"nn_NO\" \/>\n<meta property=\"og:type\" content=\"article\" \/>\n<meta property=\"og:title\" content=\"Universell utforming - Kunnskapsfilm\" \/>\n<meta property=\"og:description\" content=\"Under utvikling.\" \/>\n<meta property=\"og:url\" content=\"https:\/\/kunnskapsfilm.no\/nn-no\/universell-utforming\/\" \/>\n<meta property=\"og:site_name\" content=\"Kunnskapsfilm\" \/>\n<meta property=\"article:modified_time\" content=\"2025-03-21T09:36:44+00:00\" \/>\n<meta name=\"twitter:card\" content=\"summary_large_image\" \/>\n<meta name=\"twitter:label1\" content=\"Est. reading time\" \/>\n\t<meta name=\"twitter:data1\" content=\"1 minutt\" \/>\n<script type=\"application\/ld+json\" class=\"yoast-schema-graph\">{\n\t    \"@context\": \"https:\\\/\\\/schema.org\",\n\t    \"@graph\": [\n\t        {\n\t            \"@type\": \"WebPage\",\n\t            \"@id\": \"https:\\\/\\\/kunnskapsfilm.no\\\/nn-no\\\/universell-utforming\\\/\",\n\t            \"url\": \"https:\\\/\\\/kunnskapsfilm.no\\\/nn-no\\\/universell-utforming\\\/\",\n\t            \"name\": \"Universell utforming - Kunnskapsfilm\",\n\t            \"isPartOf\": {\n\t                \"@id\": \"https:\\\/\\\/kunnskapsfilm.no\\\/nn-no\\\/#website\"\n\t            },\n\t            \"datePublished\": \"2025-03-21T09:35:07+00:00\",\n\t            \"dateModified\": \"2025-03-21T09:36:44+00:00\",\n\t            \"breadcrumb\": {\n\t                \"@id\": \"https:\\\/\\\/kunnskapsfilm.no\\\/nn-no\\\/universell-utforming\\\/#breadcrumb\"\n\t            },\n\t            \"inLanguage\": \"nn-NO\",\n\t            \"potentialAction\": [\n\t                {\n\t                    \"@type\": \"ReadAction\",\n\t                    \"target\": [\n\t                        \"https:\\\/\\\/kunnskapsfilm.no\\\/nn-no\\\/universell-utforming\\\/\"\n\t                    ]\n\t                }\n\t            ]\n\t        },\n\t        {\n\t            \"@type\": \"BreadcrumbList\",\n\t            \"@id\": \"https:\\\/\\\/kunnskapsfilm.no\\\/nn-no\\\/universell-utforming\\\/#breadcrumb\",\n\t            \"itemListElement\": [\n\t                {\n\t                    \"@type\": \"ListItem\",\n\t                    \"position\": 1,\n\t                    \"name\": \"Home\",\n\t                    \"item\": \"https:\\\/\\\/kunnskapsfilm.no\\\/nn-no\\\/\"\n\t                },\n\t                {\n\t                    \"@type\": \"ListItem\",\n\t                    \"position\": 2,\n\t                    \"name\": \"Universell utforming\"\n\t                }\n\t            ]\n\t        },\n\t        {\n\t            \"@type\": \"WebSite\",\n\t            \"@id\": \"https:\\\/\\\/kunnskapsfilm.no\\\/nn-no\\\/#website\",\n\t            \"url\": \"https:\\\/\\\/kunnskapsfilm.no\\\/nn-no\\\/\",\n\t            \"name\": \"Kunnskapsfilm\",\n\t            \"description\": \"For elever og l\u00e6rere i grunnskole og videreg\u00e5ende oppl\u00e6ring\",\n\t            \"inLanguage\": \"nn-NO\"\n\t        }\n\t    ]\n\t}<\/script>\n<!-- \/ Yoast SEO plugin. -->","yoast_head_json":{"title":"Universell utforming - Kunnskapsfilm","robots":{"index":"index","follow":"follow","max-snippet":"max-snippet:-1","max-image-preview":"max-image-preview:large","max-video-preview":"max-video-preview:-1"},"canonical":"https:\/\/kunnskapsfilm.no\/nn-no\/universell-utforming\/","og_locale":"nn_NO","og_type":"article","og_title":"Universell utforming - Kunnskapsfilm","og_description":"Under utvikling.","og_url":"https:\/\/kunnskapsfilm.no\/nn-no\/universell-utforming\/","og_site_name":"Kunnskapsfilm","article_modified_time":"2025-03-21T09:36:44+00:00","twitter_card":"summary_large_image","twitter_misc":{"Est. reading time":"1 minutt"},"schema":{"@context":"https:\/\/schema.org","@graph":[{"@type":"WebPage","@id":"https:\/\/kunnskapsfilm.no\/nn-no\/universell-utforming\/","url":"https:\/\/kunnskapsfilm.no\/nn-no\/universell-utforming\/","name":"Universell utforming - Kunnskapsfilm","isPartOf":{"@id":"https:\/\/kunnskapsfilm.no\/nn-no\/#website"},"datePublished":"2025-03-21T09:35:07+00:00","dateModified":"2025-03-21T09:36:44+00:00","breadcrumb":{"@id":"https:\/\/kunnskapsfilm.no\/nn-no\/universell-utforming\/#breadcrumb"},"inLanguage":"nn-NO","potentialAction":[{"@type":"ReadAction","target":["https:\/\/kunnskapsfilm.no\/nn-no\/universell-utforming\/"]}]},{"@type":"BreadcrumbList","@id":"https:\/\/kunnskapsfilm.no\/nn-no\/universell-utforming\/#breadcrumb","itemListElement":[{"@type":"ListItem","position":1,"name":"Home","item":"https:\/\/kunnskapsfilm.no\/nn-no\/"},{"@type":"ListItem","position":2,"name":"Universell utforming"}]},{"@type":"WebSite","@id":"https:\/\/kunnskapsfilm.no\/nn-no\/#website","url":"https:\/\/kunnskapsfilm.no\/nn-no\/","name":"Kunnskapsfilm","description":"For elever og l\u00e6rere i grunnskole og videreg\u00e5ende oppl\u00e6ring","inLanguage":"nn-NO"}]}},"_links":{"self":[{"href":"https:\/\/kunnskapsfilm.no\/nn-no\/wp-json\/wp\/v2\/pages\/7163","targetHints":{"allow":["GET"]}}],"collection":[{"href":"https:\/\/kunnskapsfilm.no\/nn-no\/wp-json\/wp\/v2\/pages"}],"about":[{"href":"https:\/\/kunnskapsfilm.no\/nn-no\/wp-json\/wp\/v2\/types\/page"}],"author":[{"embeddable":true,"href":"https:\/\/kunnskapsfilm.no\/nn-no\/wp-json\/wp\/v2\/users\/5"}],"replies":[{"embeddable":true,"href":"https:\/\/kunnskapsfilm.no\/nn-no\/wp-json\/wp\/v2\/comments?post=7163"}],"version-history":[{"count":1,"href":"https:\/\/kunnskapsfilm.no\/nn-no\/wp-json\/wp\/v2\/pages\/7163\/revisions"}],"predecessor-version":[{"id":7164,"href":"https:\/\/kunnskapsfilm.no\/nn-no\/wp-json\/wp\/v2\/pages\/7163\/revisions\/7164"}],"wp:attachment":[{"href":"https:\/\/kunnskapsfilm.no\/nn-no\/wp-json\/wp\/v2\/media?parent=7163"}],"curies":[{"name":"wp","href":"https:\/\/api.w.org\/{rel}","templated":true}]}}